{"id":2530,"date":"2025-08-22T11:13:28","date_gmt":"2025-08-22T09:13:28","guid":{"rendered":"https:\/\/derivalenta.com\/avis-legal\/"},"modified":"2026-05-06T20:31:10","modified_gmt":"2026-05-06T18:31:10","slug":"avis-legal","status":"publish","type":"page","link":"https:\/\/derivalenta.com\/va\/avis-legal\/","title":{"rendered":"Av\u00eds legal"},"content":{"rendered":"<div class=\"fusion-fullwidth fullwidth-box fusion-builder-row-1 fusion-flex-container has-pattern-background has-mask-background nonhundred-percent-fullwidth non-hundred-percent-height-scrolling\" style=\"--awb-border-radius-top-left:0px;--awb-border-radius-top-right:0px;--awb-border-radius-bottom-right:0px;--awb-border-radius-bottom-left:0px;--awb-flex-wrap:wrap;\" ><div class=\"fusion-builder-row fusion-row fusion-flex-align-items-flex-start fusion-flex-content-wrap\" style=\"max-width:1248px;margin-left: calc(-4% \/ 2 );margin-right: calc(-4% \/ 2 );\"><div class=\"fusion-layout-column fusion_builder_column fusion-builder-column-0 fusion_builder_column_1_1 1_1 fusion-flex-column\" style=\"--awb-bg-size:cover;--awb-width-large:100%;--awb-margin-top-large:0px;--awb-spacing-right-large:1.92%;--awb-margin-bottom-large:20px;--awb-spacing-left-large:1.92%;--awb-width-medium:100%;--awb-order-medium:0;--awb-spacing-right-medium:1.92%;--awb-spacing-left-medium:1.92%;--awb-width-small:100%;--awb-order-small:0;--awb-spacing-right-small:1.92%;--awb-spacing-left-small:1.92%;\"><div class=\"fusion-column-wrapper fusion-column-has-shadow fusion-flex-justify-content-flex-start fusion-content-layout-column\"><div class=\"fusion-separator fusion-full-width-sep\" style=\"align-self: center;margin-left: auto;margin-right: auto;margin-top:50px;width:100%;\"><\/div><div class=\"fusion-title title fusion-title-1 fusion-sep-none fusion-title-text fusion-title-size-two\" style=\"--awb-margin-top-small:10px;--awb-margin-right-small:0px;--awb-margin-bottom-small:10px;--awb-margin-left-small:0px;\"><h2 class=\"fusion-title-heading title-heading-left\" style=\"margin:0;\">Av\u00eds Legal \u2013 Deriva Lenta<\/h2><\/div><div class=\"fusion-text fusion-text-1\"><p><span style=\"font-size: 14pt;\">En compliment del que disposa la Llei 34\/2002, d&#8217;11 de juliol, de Serveis de la Societat de la Informaci\u00f3 i del Comer\u00e7 Electr\u00f2nic (LSSI-CE), aix\u00ed com el Reglament (UE) 2016\/679 (RGPD) i la LOPDGDD, s&#8217;informa els usuaris de les dades legals seg\u00fcents:<\/span><\/p>\n<\/div><div class=\"fusion-title title fusion-title-2 fusion-sep-none fusion-title-text fusion-title-size-three\" style=\"--awb-margin-top-small:10px;--awb-margin-right-small:0px;--awb-margin-bottom-small:10px;--awb-margin-left-small:0px;\"><h3 class=\"fusion-title-heading title-heading-left\" style=\"margin:0;\">1. Dades identificatives del titular<\/h3><\/div><div class=\"fusion-text fusion-text-2\"><ul>\n<li><span style=\"font-size: 14pt;\">Titular: Fernando Ballester Dev\u00eds<\/span><\/li>\n<li><span style=\"font-size: 14pt;\">NIF\/CIF: 73393447X<\/span><\/li>\n<li><span style=\"font-size: 14pt;\">Correu electr\u00f2nic de contacte: <a href=\"mailto:contacte@derivalenta.com\">contacte@derivalenta.com<\/a><\/span><\/li>\n<li><span style=\"font-size: 14pt;\">Lloc web: <a href=\"https:\/\/www.derivalenta.com\" target=\"_blank\" rel=\"noopener\">https:\/\/www.derivalenta.com<\/a><\/span><\/li>\n<\/ul>\n<\/div><div class=\"fusion-title title fusion-title-3 fusion-sep-none fusion-title-text fusion-title-size-three\" style=\"--awb-margin-top-small:10px;--awb-margin-right-small:0px;--awb-margin-bottom-small:10px;--awb-margin-left-small:0px;\"><h3 class=\"fusion-title-heading title-heading-left\" style=\"margin:0;\">2. Objecte<\/h3><\/div><div class=\"fusion-text fusion-text-3\"><p><span style=\"font-size: 14pt;\">Aquest lloc web ha estat creat amb finalitats informatives i de difusi\u00f3 de continguts relacionats amb rutes, fotografia i projectes personals sota la marca Deriva Lenta.<\/span><\/p>\n<\/div><div class=\"fusion-title title fusion-title-4 fusion-sep-none fusion-title-text fusion-title-size-three\" style=\"--awb-margin-top-small:10px;--awb-margin-right-small:0px;--awb-margin-bottom-small:10px;--awb-margin-left-small:0px;\"><h3 class=\"fusion-title-heading title-heading-left\" style=\"margin:0;\">3. Condicions d&#8217;\u00fas<\/h3><\/div><div class=\"fusion-text fusion-text-4\"><p><span style=\"font-size: 14pt;\">L&#8217;acc\u00e9s i la navegaci\u00f3 per la Web impliquen l&#8217;acceptaci\u00f3 expressa de les condicions seg\u00fcents:<\/span><\/p>\n<ul>\n<li><span style=\"font-size: 14pt;\">L&#8217;usuari es compromet a fer un \u00fas adequat dels continguts i serveis.<\/span><\/li>\n<li><span style=\"font-size: 14pt;\">Queda prohibida la utilitzaci\u00f3 de la Web amb fins il\u00b7l\u00edcits, lesius de drets de tercers o que puguin danyar, sobrecarregar o deteriorar el funcionament normal del lloc.<\/span><\/li>\n<li><span style=\"font-size: 14pt;\">El titular es reserva el dret a retirar sense previ av\u00eds els comentaris o les aportacions que resultin ofensives o vulnerin la llei.<\/span><\/li>\n<\/ul>\n<\/div><div class=\"fusion-title title fusion-title-5 fusion-sep-none fusion-title-text fusion-title-size-three\" style=\"--awb-margin-top-small:10px;--awb-margin-right-small:0px;--awb-margin-bottom-small:10px;--awb-margin-left-small:0px;\"><h3 class=\"fusion-title-heading title-heading-left\" style=\"margin:0;\">4. Propietat intel\u00b7lectual i industrial<\/h3><\/div><div class=\"fusion-text fusion-text-5\"><ul>\n<li><span style=\"font-size: 14pt;\">Tots els continguts de la Web (textos, fotografies, logotips, gr\u00e0fics, v\u00eddeos, codi font, etc.) estan protegits pels drets de propietat intel\u00b7lectual i industrial.<\/span><\/li>\n<li><span style=\"font-size: 14pt;\">No es permet la reproducci\u00f3, distribuci\u00f3, comunicaci\u00f3 p\u00fablica o transformaci\u00f3 dels continguts esmentats sense autoritzaci\u00f3 pr\u00e8via i expressa del titular.<\/span><\/li>\n<li><span style=\"font-size: 14pt;\">Les fotografies publicades a la Web estan protegides per drets d&#8217;autor i no es poden utilitzar sense consentiment del titular.<\/span><\/li>\n<\/ul>\n<\/div><div class=\"fusion-title title fusion-title-6 fusion-sep-none fusion-title-text fusion-title-size-three\" style=\"--awb-margin-top-small:10px;--awb-margin-right-small:0px;--awb-margin-bottom-small:10px;--awb-margin-left-small:0px;\"><h3 class=\"fusion-title-heading title-heading-left\" style=\"margin:0;\">5. Exclusi\u00f3 de responsabilitat<\/h3><\/div><div class=\"fusion-text fusion-text-6\"><ul>\n<li><span style=\"font-size: 14pt;\">El titular no garanteix la continu\u00eftat o disponibilitat permanent del Web ni es fa responsable dels possibles danys derivats de l&#8217;acc\u00e9s o \u00fas indegut del lloc.<\/span><\/li>\n<li><span style=\"font-size: 14pt;\">No es garanteix l&#8217;abs\u00e8ncia de virus o altres elements lesius que puguin causar alteracions al sistema inform\u00e0tic de l&#8217;usuari.<\/span><\/li>\n<li><span style=\"font-size: 14pt;\">Enlla\u00e7os externs: aquesta web pot contenir enlla\u00e7os a llocs de tercers. El titular no es fa responsable del contingut ni de la seguretat dels llocs esmentats. <\/span><\/li>\n<\/ul>\n<\/div><div class=\"fusion-title title fusion-title-7 fusion-sep-none fusion-title-text fusion-title-size-three\" style=\"--awb-margin-top-small:10px;--awb-margin-right-small:0px;--awb-margin-bottom-small:10px;--awb-margin-left-small:0px;\"><h3 class=\"fusion-title-heading title-heading-left\" style=\"margin:0;\">6. Protecci\u00f3 de dades personals<\/h3><\/div><div class=\"fusion-text fusion-text-7\"><p><span style=\"font-size: 14pt;\">El tractament de dades personals es regula a la <a href=\"https:\/\/derivalenta.com\/va\/politica-de-privadesa\/\">Pol\u00edtica de Privadesa<\/a> del lloc, que forma part del present Av\u00eds Legal.<\/span><\/p>\n<\/div><div class=\"fusion-title title fusion-title-8 fusion-sep-none fusion-title-text fusion-title-size-three\" style=\"--awb-margin-top-small:10px;--awb-margin-right-small:0px;--awb-margin-bottom-small:10px;--awb-margin-left-small:0px;\"><h3 class=\"fusion-title-heading title-heading-left\" style=\"margin:0;\">7. Legislaci\u00f3 aplicable i jurisdicci\u00f3<\/h3><\/div><div class=\"fusion-text fusion-text-8\"><p><span style=\"font-size: 14pt;\">La relaci\u00f3 entre el titular i lusuari es regir\u00e0 per la normativa espanyola vigent. Per resoldre qualsevol conflicte se sotmetran als jutjats i tribunals del domicili del titular, llevat que la normativa en mat\u00e8ria de consumidors estableixi el contrari. <\/span><\/p>\n<\/div><div class=\"fusion-title title fusion-title-9 fusion-sep-none fusion-title-text fusion-title-size-three\" style=\"--awb-margin-top-small:10px;--awb-margin-right-small:0px;--awb-margin-bottom-small:10px;--awb-margin-left-small:0px;\"><h3 class=\"fusion-title-heading title-heading-left\" style=\"margin:0;\">8. Contacte<\/h3><\/div><div class=\"fusion-text fusion-text-9\"><p><span style=\"font-size: 14pt;\">Per a qualsevol consulta sobre aquest Av\u00eds Legal pots escriure a: <a href=\"mailto:contacto@derivalenta.com\">contacte@derivalenta.com<\/a><\/span><\/p>\n<\/div><\/div><\/div><\/div><\/div>\n","protected":false},"excerpt":{"rendered":"","protected":false},"author":1,"featured_media":0,"parent":0,"menu_order":0,"comment_status":"closed","ping_status":"closed","template":"100-width.php","meta":{"_acf_changed":false,"footnotes":""},"class_list":["post-2530","page","type-page","status-publish","hentry"],"acf":[],"_links":{"self":[{"href":"https:\/\/derivalenta.com\/va\/wp-json\/wp\/v2\/pages\/2530","targetHints":{"allow":["GET"]}}],"collection":[{"href":"https:\/\/derivalenta.com\/va\/wp-json\/wp\/v2\/pages"}],"about":[{"href":"https:\/\/derivalenta.com\/va\/wp-json\/wp\/v2\/types\/page"}],"author":[{"embeddable":true,"href":"https:\/\/derivalenta.com\/va\/wp-json\/wp\/v2\/users\/1"}],"replies":[{"embeddable":true,"href":"https:\/\/derivalenta.com\/va\/wp-json\/wp\/v2\/comments?post=2530"}],"version-history":[{"count":15,"href":"https:\/\/derivalenta.com\/va\/wp-json\/wp\/v2\/pages\/2530\/revisions"}],"predecessor-version":[{"id":6607,"href":"https:\/\/derivalenta.com\/va\/wp-json\/wp\/v2\/pages\/2530\/revisions\/6607"}],"wp:attachment":[{"href":"https:\/\/derivalenta.com\/va\/wp-json\/wp\/v2\/media?parent=2530"}],"curies":[{"name":"wp","href":"https:\/\/api.w.org\/{rel}","templated":true}]}}