{"id":2533,"date":"2025-08-22T11:14:08","date_gmt":"2025-08-22T09:14:08","guid":{"rendered":"https:\/\/derivalenta.com\/cookies\/"},"modified":"2026-05-06T20:30:10","modified_gmt":"2026-05-06T18:30:10","slug":"cookies","status":"publish","type":"page","link":"https:\/\/derivalenta.com\/va\/cookies\/","title":{"rendered":"Cookies"},"content":{"rendered":"<div class=\"fusion-fullwidth fullwidth-box fusion-builder-row-1 fusion-flex-container has-pattern-background has-mask-background nonhundred-percent-fullwidth non-hundred-percent-height-scrolling\" style=\"--awb-border-radius-top-left:0px;--awb-border-radius-top-right:0px;--awb-border-radius-bottom-right:0px;--awb-border-radius-bottom-left:0px;--awb-flex-wrap:wrap;\" ><div class=\"fusion-builder-row fusion-row fusion-flex-align-items-flex-start fusion-flex-content-wrap\" style=\"max-width:1248px;margin-left: calc(-4% \/ 2 );margin-right: calc(-4% \/ 2 );\"><div class=\"fusion-layout-column fusion_builder_column fusion-builder-column-0 fusion_builder_column_1_1 1_1 fusion-flex-column\" style=\"--awb-bg-size:cover;--awb-width-large:100%;--awb-margin-top-large:0px;--awb-spacing-right-large:1.92%;--awb-margin-bottom-large:20px;--awb-spacing-left-large:1.92%;--awb-width-medium:100%;--awb-order-medium:0;--awb-spacing-right-medium:1.92%;--awb-spacing-left-medium:1.92%;--awb-width-small:100%;--awb-order-small:0;--awb-spacing-right-small:1.92%;--awb-spacing-left-small:1.92%;\"><div class=\"fusion-column-wrapper fusion-column-has-shadow fusion-flex-justify-content-flex-start fusion-content-layout-column\"><div class=\"fusion-separator fusion-full-width-sep\" style=\"align-self: center;margin-left: auto;margin-right: auto;margin-top:50px;width:100%;\"><\/div><div class=\"fusion-title title fusion-title-1 fusion-sep-none fusion-title-text fusion-title-size-two\" style=\"--awb-margin-top-small:10px;--awb-margin-right-small:0px;--awb-margin-bottom-small:10px;--awb-margin-left-small:0px;\"><h2 class=\"fusion-title-heading title-heading-left\" style=\"margin:0;\">Pol\u00edtica de Cookies \u2013 Deriva Lenta<\/h2><\/div><div class=\"fusion-text fusion-text-1\"><p><span style=\"font-size: 14pt;\">En aquest lloc web, <a href=\"https:\/\/www.derivalenta.com\" target=\"_blank\" rel=\"noopener\">https:\/\/www.derivalenta.com<\/a> (d&#8217;ara endavant, \u201cla Web\u201d), s&#8217;utilitzen cookies i tecnologies similars per oferir una millor experi\u00e8ncia d&#8217;usuari, analitzar el tr\u00e0nsit i, en alguns casos, personalitzar continguts.<\/p>\n<p>En navegar pel web acceptes l&#8217;\u00fas de les cookies en els termes que s&#8217;indiquen a la present pol\u00edtica.<\/span><\/p>\n<\/div><div class=\"fusion-title title fusion-title-2 fusion-sep-none fusion-title-text fusion-title-size-three\" style=\"--awb-margin-top-small:10px;--awb-margin-right-small:0px;--awb-margin-bottom-small:10px;--awb-margin-left-small:0px;\"><h3 class=\"fusion-title-heading title-heading-left\" style=\"margin:0;\">1. Qu\u00e8 s\u00f3n les cookies?<\/h3><\/div><div class=\"fusion-text fusion-text-2\"><p><span style=\"font-size: 14pt;\">Les cookies s\u00f3n xicotets fitxers de text que s\u2019emmagatzemen en el teu dispositiu (ordinador, m\u00f2bil, tauleta) quan visites determinades p\u00e0gines web. Permeten recon\u00e9ixer el teu navegador, recordar les teues prefer\u00e8ncies i millorar la interacci\u00f3 amb la Web. <\/span><\/p>\n<\/div><div class=\"fusion-title title fusion-title-3 fusion-sep-none fusion-title-text fusion-title-size-three\" style=\"--awb-margin-top-small:10px;--awb-margin-right-small:0px;--awb-margin-bottom-small:10px;--awb-margin-left-small:0px;\"><h3 class=\"fusion-title-heading title-heading-left\" style=\"margin:0;\">2. Tipos de cookies que utiliza Deriva Lenta<\/h3><\/div><div class=\"fusion-text fusion-text-3\"><p><span style=\"font-size: 14pt;\"><strong>a) Cookies t\u00e8cniques (necess\u00e0ries)<\/strong><\/span><\/p>\n<ul>\n<li><span style=\"font-size: 14pt;\">Permeten la navegaci\u00f3 i el correcte funcionament de la web.<\/span><\/li>\n<li><span style=\"font-size: 14pt;\">Exemple: control de sessi\u00f3, seguretat, acceptaci\u00f3 de galetes.<\/span><\/li>\n<li><span style=\"font-size: 14pt;\">Aquestes cookies s\u00f3n essencials i no requereixen el teu consentiment.<\/span><\/li>\n<\/ul>\n<p><span style=\"font-size: 14pt;\"><strong>b) Cookies d\u2019an\u00e0lisi<\/strong><\/span><\/p>\n<ul>\n<li><span style=\"font-size: 14pt;\">Ajuden a entendre com els visitants interactuen amb la web.<\/span><\/li>\n<li><span style=\"font-size: 14pt;\">Deriva Lenta utilitza Google Analytics (GA4), que recull informaci\u00f3 de manera anonimitzada (adre\u00e7a IP anonimitzada, sense identificaci\u00f3 personal).<\/span><\/li>\n<li><span style=\"font-size: 14pt;\">Finalitat: mesurar el tr\u00e0nsit, con\u00e8ixer quines p\u00e0gines es visiten m\u00e9s i millorar-ne els continguts.<\/span><\/li>\n<\/ul>\n<p><span style=\"font-size: 14pt;\"><strong>c) Cookies de personalitzaci\u00f3 \/ m\u00e0rqueting<\/strong><\/span><\/p>\n<ul>\n<li><span style=\"font-size: 14pt;\">En integrar un servei d&#8217;enviament de newsletters, es poden instal\u00b7lar cookies que permeten mesurar l&#8217;efic\u00e0cia de les campanyes i con\u00e8ixer la interacci\u00f3 dels usuaris amb els correus electr\u00f2nics.<\/span><\/li>\n<\/ul>\n<\/div><div class=\"fusion-title title fusion-title-4 fusion-sep-none fusion-title-text fusion-title-size-three\" style=\"--awb-margin-top-small:10px;--awb-margin-right-small:0px;--awb-margin-bottom-small:10px;--awb-margin-left-small:0px;\"><h3 class=\"fusion-title-heading title-heading-left\" style=\"margin:0;\">3. Gesti\u00f3 i configuraci\u00f3 de les cookies<\/h3><\/div><div class=\"fusion-text fusion-text-4\"><p><span style=\"font-size: 14pt;\">Pots permetre, bloquejar o eliminar les cookies instal\u00b7lades al dispositiu des de la configuraci\u00f3 del teu navegador. A continuaci\u00f3, se t&#8217;indica com fer-ho als principals navegadors: <\/span><\/p>\n<ul>\n<li><span style=\"font-size: 14pt;\"><a href=\"https:\/\/support.google.com\/chrome\/answer\/95647\" target=\"_blank\" rel=\"noopener\">Google Chrome<\/a><\/span><\/li>\n<li><span style=\"font-size: 14pt;\"><a href=\"https:\/\/support.mozilla.org\/es\/kb\/Borrar%20cookies\" target=\"_blank\" rel=\"noopener\">Mozilla Firefox<\/a><\/span><\/li>\n<li><span style=\"font-size: 14pt;\"><a href=\"https:\/\/support.apple.com\/es-es\/guide\/safari\/sfri11471\/mac\" target=\"_blank\" rel=\"noopener\">Safari<\/a><\/span><\/li>\n<li><span style=\"font-size: 14pt;\"><a href=\"https:\/\/support.microsoft.com\/es-es\/help\/4027947\/microsoft-edge-delete-cookies\" target=\"_blank\" rel=\"noopener\">Microsoft Edge<\/a><\/span><\/li>\n<\/ul>\n<p><span style=\"font-size: 14pt;\">Si rebutges o elimines les cookies, algunes funcions de la Web podrien deixar d&#8217;estar disponibles o no funcionar correctament.<\/span><\/p>\n<\/div><div class=\"fusion-title title fusion-title-5 fusion-sep-none fusion-title-text fusion-title-size-three\" style=\"--awb-margin-top-small:10px;--awb-margin-right-small:0px;--awb-margin-bottom-small:10px;--awb-margin-left-small:0px;\"><h3 class=\"fusion-title-heading title-heading-left\" style=\"margin:0;\">4. Transfer\u00e8ncies internacionals<\/h3><\/div><div class=\"fusion-text fusion-text-5\"><p><span style=\"font-size: 14pt;\">L&#8217;\u00fas de Google Analytics implica la transfer\u00e8ncia internacional de dades (Estats Units), emparada en cl\u00e0usules contractuals tipus de la Comissi\u00f3 Europea.<\/span><\/p>\n<\/div><div class=\"fusion-title title fusion-title-6 fusion-sep-none fusion-title-text fusion-title-size-three\" style=\"--awb-margin-top-small:10px;--awb-margin-right-small:0px;--awb-margin-bottom-small:10px;--awb-margin-left-small:0px;\"><h3 class=\"fusion-title-heading title-heading-left\" style=\"margin:0;\">5. Acceptaci\u00f3 de cookies<\/h3><\/div><div class=\"fusion-text fusion-text-6\"><p><span style=\"font-size: 14pt;\">En accedir per primera vegada a la Web, apareixer\u00e0 un banner o av\u00eds de cookies. Podr\u00e0s acceptar-les totes, configurar-les o rebutjar-les (excepte les necess\u00e0ries). <\/span><\/p>\n<\/div><div class=\"fusion-title title fusion-title-7 fusion-sep-none fusion-title-text fusion-title-size-three\" style=\"--awb-margin-top-small:10px;--awb-margin-right-small:0px;--awb-margin-bottom-small:10px;--awb-margin-left-small:0px;\"><h3 class=\"fusion-title-heading title-heading-left\" style=\"margin:0;\">6. Actualitzacions de la pol\u00edtica<\/h3><\/div><div class=\"fusion-text fusion-text-7\"><p><span style=\"font-size: 14pt;\">Deriva Lenta pot modificar aquesta Pol\u00edtica de Cookies per adaptar-la a canvis normatius o t\u00e8cnics. \u00c9s recomanable revisar-la peri\u00f2dicament. <\/span><\/p>\n<\/div><\/div><\/div><\/div><\/div>\n","protected":false},"excerpt":{"rendered":"","protected":false},"author":1,"featured_media":0,"parent":0,"menu_order":0,"comment_status":"closed","ping_status":"closed","template":"100-width.php","meta":{"_acf_changed":false,"footnotes":""},"class_list":["post-2533","page","type-page","status-publish","hentry"],"acf":[],"_links":{"self":[{"href":"https:\/\/derivalenta.com\/va\/wp-json\/wp\/v2\/pages\/2533","targetHints":{"allow":["GET"]}}],"collection":[{"href":"https:\/\/derivalenta.com\/va\/wp-json\/wp\/v2\/pages"}],"about":[{"href":"https:\/\/derivalenta.com\/va\/wp-json\/wp\/v2\/types\/page"}],"author":[{"embeddable":true,"href":"https:\/\/derivalenta.com\/va\/wp-json\/wp\/v2\/users\/1"}],"replies":[{"embeddable":true,"href":"https:\/\/derivalenta.com\/va\/wp-json\/wp\/v2\/comments?post=2533"}],"version-history":[{"count":9,"href":"https:\/\/derivalenta.com\/va\/wp-json\/wp\/v2\/pages\/2533\/revisions"}],"predecessor-version":[{"id":6600,"href":"https:\/\/derivalenta.com\/va\/wp-json\/wp\/v2\/pages\/2533\/revisions\/6600"}],"wp:attachment":[{"href":"https:\/\/derivalenta.com\/va\/wp-json\/wp\/v2\/media?parent=2533"}],"curies":[{"name":"wp","href":"https:\/\/api.w.org\/{rel}","templated":true}]}}