{"id":2536,"date":"2025-07-29T14:59:43","date_gmt":"2025-07-29T12:59:43","guid":{"rendered":"https:\/\/derivalenta.com\/politica-de-privadesa\/"},"modified":"2026-05-06T20:32:20","modified_gmt":"2026-05-06T18:32:20","slug":"politica-de-privadesa","status":"publish","type":"page","link":"https:\/\/derivalenta.com\/va\/politica-de-privadesa\/","title":{"rendered":"Pol\u00edtica de privadesa"},"content":{"rendered":"<div class=\"fusion-fullwidth fullwidth-box fusion-builder-row-1 fusion-flex-container has-pattern-background has-mask-background nonhundred-percent-fullwidth non-hundred-percent-height-scrolling\" style=\"--awb-border-radius-top-left:0px;--awb-border-radius-top-right:0px;--awb-border-radius-bottom-right:0px;--awb-border-radius-bottom-left:0px;--awb-flex-wrap:wrap;\" ><div class=\"fusion-builder-row fusion-row fusion-flex-align-items-flex-start fusion-flex-content-wrap\" style=\"max-width:1248px;margin-left: calc(-4% \/ 2 );margin-right: calc(-4% \/ 2 );\"><div class=\"fusion-layout-column fusion_builder_column fusion-builder-column-0 fusion_builder_column_1_1 1_1 fusion-flex-column\" style=\"--awb-bg-size:cover;--awb-width-large:100%;--awb-margin-top-large:0px;--awb-spacing-right-large:1.92%;--awb-margin-bottom-large:20px;--awb-spacing-left-large:1.92%;--awb-width-medium:100%;--awb-order-medium:0;--awb-spacing-right-medium:1.92%;--awb-spacing-left-medium:1.92%;--awb-width-small:100%;--awb-order-small:0;--awb-spacing-right-small:1.92%;--awb-spacing-left-small:1.92%;\"><div class=\"fusion-column-wrapper fusion-column-has-shadow fusion-flex-justify-content-flex-start fusion-content-layout-column\"><div class=\"fusion-separator fusion-full-width-sep\" style=\"align-self: center;margin-left: auto;margin-right: auto;margin-top:50px;width:100%;\"><\/div><div class=\"fusion-title title fusion-title-1 fusion-sep-none fusion-title-text fusion-title-size-two\" style=\"--awb-margin-top-small:10px;--awb-margin-right-small:0px;--awb-margin-bottom-small:10px;--awb-margin-left-small:0px;\"><h2 class=\"fusion-title-heading title-heading-left\" style=\"margin:0;\"><p data-start=\"157\" data-end=\"198\">Pol\u00edtica de Privadesa \u2013 Deriva Lenta<\/p><\/h2><\/div><div class=\"fusion-text fusion-text-1\"><p><span style=\"font-size: 14pt;\"><strong>Deriva Lenta<\/strong> es pren molt seriosament la protecci\u00f3 de les dades personals. Aquesta pol\u00edtica explica com es recull, utilitza i protegeix la informaci\u00f3 que proporciones en aquest lloc web, d&#8217;acord amb el <strong>Reglament (UE) 2016\/679 (RGPD) i amb la LOPDGDD.<\/strong> <\/span><\/p>\n<\/div><div class=\"fusion-title title fusion-title-2 fusion-sep-none fusion-title-text fusion-title-size-three\" style=\"--awb-margin-top-small:10px;--awb-margin-right-small:0px;--awb-margin-bottom-small:10px;--awb-margin-left-small:0px;\"><h3 class=\"fusion-title-heading title-heading-left\" style=\"margin:0;\">1. Responsable del tractament<\/h3><\/div><div class=\"fusion-text fusion-text-2\"><ul>\n<li><span style=\"font-size: 14pt;\"><strong>Nom \/ Ra\u00f3 social:<\/strong> Deriva Lenta<\/span><\/li>\n<li><span style=\"font-size: 14pt;\">Correu electr\u00f2nic de contacte: <a href=\"mailto:contacte@derivalenta.com\">contacte@derivalenta.com<\/a><\/span><\/li>\n<li><span style=\"font-size: 14pt;\">Lloc web: <a href=\"https:\/\/www.derivalenta.com\" target=\"_blank\" rel=\"noopener\">https:\/\/www.derivalenta.com<\/a><\/span><\/li>\n<\/ul>\n<\/div><div class=\"fusion-title title fusion-title-3 fusion-sep-none fusion-title-text fusion-title-size-three\" style=\"--awb-margin-top-small:10px;--awb-margin-right-small:0px;--awb-margin-bottom-small:10px;--awb-margin-left-small:0px;\"><h3 class=\"fusion-title-heading title-heading-left\" style=\"margin:0;\">2. Dades que es recullen<\/h3><\/div><div class=\"fusion-text fusion-text-3\"><ul>\n<li><span style=\"font-size: 14pt;\">Informaci\u00f3 de contacte (nom, correu electr\u00f2nic) quan escrius mitjan\u00e7ant formularis.<\/span><\/li>\n<li><span style=\"font-size: 14pt;\">Dades t\u00e8cniques de navegaci\u00f3 (adre\u00e7a IP, cookies, navegador, sistema operatiu).<\/span><\/li>\n<li><span style=\"font-size: 14pt;\">Informaci\u00f3 d&#8217;\u00fas del web recopilat a trav\u00e9s de Google Analytics (de manera anonimitzada).<\/span><\/li>\n<li><span style=\"font-size: 14pt;\">Dades de subscripci\u00f3 al butllet\u00ed (nom i correu electr\u00f2nic).<\/span><\/li>\n<\/ul>\n<\/div><div class=\"fusion-title title fusion-title-4 fusion-sep-none fusion-title-text fusion-title-size-three\" style=\"--awb-margin-top-small:10px;--awb-margin-right-small:0px;--awb-margin-bottom-small:10px;--awb-margin-left-small:0px;\"><h3 class=\"fusion-title-heading title-heading-left\" style=\"margin:0;\">3. Finalitat del tractament<\/h3><\/div><div class=\"fusion-text fusion-text-4\"><ul>\n<li><span style=\"font-size: 14pt;\">Respondre les consultes enviades a trav\u00e9s del formulari de contacte.<\/span><\/li>\n<li><span style=\"font-size: 14pt;\">Analitzar el tr\u00e0nsit web i millorar l&#8217;experi\u00e8ncia de navegaci\u00f3 mitjan\u00e7ant Google Analytics.<\/span><\/li>\n<li><span style=\"font-size: 14pt;\">Gestionar la subscripci\u00f3 al butllet\u00ed informatiu.<\/span><\/li>\n<\/ul>\n<\/div><div class=\"fusion-title title fusion-title-5 fusion-sep-none fusion-title-text fusion-title-size-three\" style=\"--awb-margin-top-small:10px;--awb-margin-right-small:0px;--awb-margin-bottom-small:10px;--awb-margin-left-small:0px;\"><h3 class=\"fusion-title-heading title-heading-left\" style=\"margin:0;\">4. Legitimaci\u00f3 per al tractament<\/h3><\/div><div class=\"fusion-text fusion-text-5\"><ul>\n<li><span style=\"font-size: 14pt;\">El teu consentiment expr\u00e9s en acceptar la casella corresponent als formularis.<\/span><\/li>\n<li><span style=\"font-size: 14pt;\">L&#8217;inter\u00e8s leg\u00edtim de millorar el servei i la seguretat del lloc web.<\/span><\/li>\n<\/ul>\n<\/div><div class=\"fusion-title title fusion-title-6 fusion-sep-none fusion-title-text fusion-title-size-three\" style=\"--awb-margin-top-small:10px;--awb-margin-right-small:0px;--awb-margin-bottom-small:10px;--awb-margin-left-small:0px;\"><h3 class=\"fusion-title-heading title-heading-left\" style=\"margin:0;\">5. Conservaci\u00f3 de les dades<\/h3><\/div><div class=\"fusion-text fusion-text-6\"><p><span style=\"font-size: 14pt;\">Es conservaran les teues dades nom\u00e9s durant el temps necessari per complir amb la finalitat per a la qual van ser recollides o fins que en sol\u00b7licite la supressi\u00f3.<\/span><\/p>\n<\/div><div class=\"fusion-title title fusion-title-7 fusion-sep-none fusion-title-text fusion-title-size-three\" style=\"--awb-margin-top-small:10px;--awb-margin-right-small:0px;--awb-margin-bottom-small:10px;--awb-margin-left-small:0px;\"><h3 class=\"fusion-title-heading title-heading-left\" style=\"margin:0;\">6. Comunicaci\u00f3 de dades<\/h3><\/div><div class=\"fusion-text fusion-text-7\"><ul>\n<li><span style=\"font-size: 14pt;\">No se cedeixen les teues dades a tercers, tret d&#8217;obligaci\u00f3 legal.<\/span><\/li>\n<li><span style=\"font-size: 14pt;\">Google Analytics tracta dades de navegaci\u00f3 de manera anonimitzada (IP anonimitzada, sense identificaci\u00f3 personal).<\/span><\/li>\n<\/ul>\n<\/div><div class=\"fusion-title title fusion-title-8 fusion-sep-none fusion-title-text fusion-title-size-three\" style=\"--awb-margin-top-small:10px;--awb-margin-right-small:0px;--awb-margin-bottom-small:10px;--awb-margin-left-small:0px;\"><h3 class=\"fusion-title-heading title-heading-left\" style=\"margin:0;\">7. Drets dels usuaris<\/h3><\/div><div class=\"fusion-text fusion-text-8\"><p><span style=\"font-size: 14pt;\">Pots exercir els teus drets de:<\/span><\/p>\n<ul>\n<li><span style=\"font-size: 14pt;\">Acc\u00e9s a les teues dades.<\/span><\/li>\n<li><span style=\"font-size: 14pt;\">Rectificaci\u00f3 de dades inexactes.<\/span><\/li>\n<li><span style=\"font-size: 14pt;\">Supressi\u00f3 quan ja no vulgues que les tractem.<\/span><\/li>\n<li><span style=\"font-size: 14pt;\">Limitaci\u00f3 i oposici\u00f3 al tractament.<\/span><\/li>\n<li><span style=\"font-size: 14pt;\">Portabilitat de les dades a un altre prove\u00efdor.<\/span><\/li>\n<\/ul>\n<p><span style=\"font-size: 14pt;\">Per exercir-los, envia un correu a <a href=\"mailto:privacitat@derivalenta.com\">privacitat@derivalenta.com<\/a> indicant el dret que desitges exercir, juntament amb una c\u00f2pia del teu DNI o document equivalent.<\/span><\/p>\n<\/div><div class=\"fusion-title title fusion-title-9 fusion-sep-none fusion-title-text fusion-title-size-three\" style=\"--awb-margin-top-small:10px;--awb-margin-right-small:0px;--awb-margin-bottom-small:10px;--awb-margin-left-small:0px;\"><h3 class=\"fusion-title-heading title-heading-left\" style=\"margin:0;\">8. \u00das de cookies<\/h3><\/div><div class=\"fusion-text fusion-text-9\"><p><span style=\"font-size: 14pt;\">Aquest lloc utilitza cookies pr\u00f2pies i de tercers per a:<\/span><\/p>\n<ul>\n<li><span style=\"font-size: 14pt;\">Recordar prefer\u00e8ncies de navegaci\u00f3.<\/span><\/li>\n<li><span style=\"font-size: 14pt;\">Analitzar estad\u00edstiques d&#8217;\u00fas mitjan\u00e7ant Google Analytics.<\/span><\/li>\n<li><span style=\"font-size: 14pt;\">Millorar l&#8217;experi\u00e8ncia d&#8217;usuari.<\/span><\/li>\n<\/ul>\n<p><span style=\"font-size: 14pt;\">Pots configurar o desactivar les galetes en qualsevol moment des de la configuraci\u00f3 del teu navegador.<\/span><\/p>\n<\/div><div class=\"fusion-title title fusion-title-10 fusion-sep-none fusion-title-text fusion-title-size-three\" style=\"--awb-margin-top-small:10px;--awb-margin-right-small:0px;--awb-margin-bottom-small:10px;--awb-margin-left-small:0px;\"><h3 class=\"fusion-title-heading title-heading-left\" style=\"margin:0;\">9. Seguretat de les dades<\/h3><\/div><div class=\"fusion-text fusion-text-10\"><p><span style=\"font-size: 14pt;\">S&#8217;apliquen mesures t\u00e8cniques i organitzatives per protegir les teues dades davant d&#8217;accessos no autoritzats, alteracions, p\u00e8rdues o destruccions.<\/span><\/p>\n<\/div><div class=\"fusion-title title fusion-title-11 fusion-sep-none fusion-title-text fusion-title-size-three\" style=\"--awb-margin-top-small:10px;--awb-margin-right-small:0px;--awb-margin-bottom-small:10px;--awb-margin-left-small:0px;\"><h3 class=\"fusion-title-heading title-heading-left\" style=\"margin:0;\">10. Canvis en aquesta pol\u00edtica<\/h3><\/div><div class=\"fusion-text fusion-text-11\"><p><span style=\"font-size: 14pt;\">Queda reservat el dret a modificar aquesta Pol\u00edtica de Privadesa per adaptar-la a canvis legislatius o de funcionament del servei.<\/span><\/p>\n<\/div><\/div><\/div><\/div><\/div>\n","protected":false},"excerpt":{"rendered":"","protected":false},"author":1,"featured_media":0,"parent":0,"menu_order":0,"comment_status":"closed","ping_status":"open","template":"100-width.php","meta":{"_acf_changed":false,"footnotes":""},"class_list":["post-2536","page","type-page","status-publish","hentry"],"acf":[],"_links":{"self":[{"href":"https:\/\/derivalenta.com\/va\/wp-json\/wp\/v2\/pages\/2536","targetHints":{"allow":["GET"]}}],"collection":[{"href":"https:\/\/derivalenta.com\/va\/wp-json\/wp\/v2\/pages"}],"about":[{"href":"https:\/\/derivalenta.com\/va\/wp-json\/wp\/v2\/types\/page"}],"author":[{"embeddable":true,"href":"https:\/\/derivalenta.com\/va\/wp-json\/wp\/v2\/users\/1"}],"replies":[{"embeddable":true,"href":"https:\/\/derivalenta.com\/va\/wp-json\/wp\/v2\/comments?post=2536"}],"version-history":[{"count":8,"href":"https:\/\/derivalenta.com\/va\/wp-json\/wp\/v2\/pages\/2536\/revisions"}],"predecessor-version":[{"id":6611,"href":"https:\/\/derivalenta.com\/va\/wp-json\/wp\/v2\/pages\/2536\/revisions\/6611"}],"wp:attachment":[{"href":"https:\/\/derivalenta.com\/va\/wp-json\/wp\/v2\/media?parent=2536"}],"curies":[{"name":"wp","href":"https:\/\/api.w.org\/{rel}","templated":true}]}}