{"id":2553,"date":"2025-07-29T18:03:38","date_gmt":"2025-07-29T16:03:38","guid":{"rendered":"https:\/\/derivalenta.com\/sobre-mi\/"},"modified":"2026-01-15T15:13:47","modified_gmt":"2026-01-15T13:13:47","slug":"sobre-mi","status":"publish","type":"page","link":"https:\/\/derivalenta.com\/va\/sobre-mi\/","title":{"rendered":"Sobre mi"},"content":{"rendered":"<p><div class=\"fusion-fullwidth fullwidth-box fusion-builder-row-1 fusion-flex-container has-pattern-background has-mask-background nonhundred-percent-fullwidth non-hundred-percent-height-scrolling fusion-no-small-visibility\" style=\"--awb-border-radius-top-left:0px;--awb-border-radius-top-right:0px;--awb-border-radius-bottom-right:0px;--awb-border-radius-bottom-left:0px;--awb-flex-wrap:wrap;\" ><div class=\"fusion-builder-row fusion-row fusion-flex-align-items-flex-start fusion-flex-content-wrap\" style=\"max-width:1248px;margin-left: calc(-4% \/ 2 );margin-right: calc(-4% \/ 2 );\"><div class=\"fusion-layout-column fusion_builder_column fusion-builder-column-0 fusion_builder_column_1_1 1_1 fusion-flex-column\" style=\"--awb-bg-size:cover;--awb-width-large:100%;--awb-margin-top-large:0px;--awb-spacing-right-large:1.92%;--awb-margin-bottom-large:20px;--awb-spacing-left-large:1.92%;--awb-width-medium:100%;--awb-order-medium:0;--awb-spacing-right-medium:1.92%;--awb-spacing-left-medium:1.92%;--awb-width-small:100%;--awb-order-small:0;--awb-spacing-right-small:1.92%;--awb-spacing-left-small:1.92%;\"><div class=\"fusion-column-wrapper fusion-column-has-shadow fusion-flex-justify-content-flex-start fusion-content-layout-column\"><div class=\"fusion-person person fusion-person-center fusion-person-1 fusion-person-icon-top\" style=\"--awb-pic-style-color:var(--awb-color8);--awb-pic-borderradius:150px;--awb-margin-top:0px;--awb-margin-right:0px;--awb-margin-bottom:0px;--awb-margin-left:0px;\"><div class=\"person-desc\"><div class=\"person-author\"><div class=\"person-author-wrapper\"><span class=\"person-name\">Fernando Ballester Dev\u00eds<\/span><span class=\"person-title\"><\/span><\/div><\/div><div class=\"person-content fusion-clearfix\"><\/div><\/div><\/div><div class=\"fusion-social-links fusion-social-links-1\" style=\"--awb-margin-top:0px;--awb-margin-right:0px;--awb-margin-bottom:0px;--awb-margin-left:0px;--awb-alignment:center;--awb-box-border-top:0px;--awb-box-border-right:0px;--awb-box-border-bottom:0px;--awb-box-border-left:0px;--awb-icon-colors-hover:var(--awb-color5);--awb-box-colors-hover:var(--awb-color1);--awb-box-border-color:var(--awb-color3);--awb-box-border-color-hover:var(--awb-color5);\"><div class=\"fusion-social-networks color-type-brand\"><div class=\"fusion-social-networks-wrapper\"><a class=\"fusion-social-network-icon fusion-tooltip fusion-instagram awb-icon-instagram\" style=\"color:#c13584;font-size:16px;\" data-placement=\"top\" data-title=\"Instagram\" data-toggle=\"tooltip\" title=\"Instagram\" aria-label=\"instagram\" target=\"_blank\" rel=\"noopener noreferrer\" href=\"https:\/\/www.instagram.com\/fer_nandet\/\"><\/a><a class=\"fusion-social-network-icon fusion-tooltip fusion-custom \" style=\"font-size:16px;\" data-placement=\"top\" data-title=\"Custom\" data-toggle=\"tooltip\" title=\"Custom\" aria-label=\"custom\" target=\"_blank\" rel=\"noopener noreferrer\" href=\"https:\/\/www.goodreads.com\/fernandet\"><img class=\"lazyload\" decoding=\"async\" src=\"data:image\/svg+xml,%3Csvg%20xmlns%3D%27http%3A%2F%2Fwww.w3.org%2F2000%2Fsvg%27%20width%3D%2713%27%20height%3D%2720%27%20viewBox%3D%270%200%2013%2020%27%3E%3Crect%20width%3D%2713%27%20height%3D%2720%27%20fill-opacity%3D%220%22%2F%3E%3C%2Fsvg%3E\" data-orig-src=\"https:\/\/derivalenta.com\/wp-content\/uploads\/2025\/08\/icono-goodreads-en-negro-18x12-def.svg\" width=\"13\" height=\"20\" \/><\/a><\/div><\/div><\/div><div class=\"fusion-separator fusion-full-width-sep\" style=\"align-self: center;margin-left: auto;margin-right: auto;margin-top:50px;width:100%;\"><\/div><div class=\"fusion-text fusion-text-1\"><p style=\"text-align: center;\"><span style=\"font-size: 18pt;\">S\u00f3c una d\u2019eixes persones que ha trobat en la pausa i en l\u2019observaci\u00f3 una manera d\u2019estar en pau.<\/span><br \/>\n<span style=\"font-size: 18pt;\">La natura no \u00e9s nom\u00e9s un escenari per a mi; \u00e9s refugi i mestra.<\/span><\/p>\n<p style=\"text-align: center;\"><span style=\"font-size: 18pt;\">La meua c\u00e0mera m\u2019acompanya quasi sempre. El meu lector de llibres electr\u00f2nics, tamb\u00e9. <\/span><\/p>\n<p style=\"text-align: center;\"><span style=\"font-size: 18pt;\"> La fotografia m\u2019ajuda a detindre el temps, a donar forma al que he viscut, a compartir sense presses. <\/span><\/p>\n<p style=\"text-align: center;\"><span style=\"font-size: 18pt;\">La lectura m\u2019aporta calma i perspectiva: m\u2019ajuda a entendre millor el m\u00f3n i amplia els meus horitzons.<\/span><\/p>\n<p style=\"text-align: center;\"><span style=\"font-size: 18pt;\">Deriva Lenta naix de tot aix\u00f2: de la necessitat de contar, de caminar (o pedalejar) sense un dest\u00ed fix, de deixar-me sorprendre. Este projecte no \u00e9s una guia de rutes, sin\u00f3 un quadern obert on es barregen camins, paisatges, llibres, fotografies i pensaments. Un lloc on la bicicleta i la paraula es donen la m\u00e0. <\/span><\/p>\n<p style=\"text-align: center;\"><span style=\"font-size: 18pt;\">Un espai per a qui creu que no sempre cal anar m\u00e9s de pressa, sin\u00f3 m\u00e9s a fons.<\/span><\/p>\n<p style=\"text-align: center;\"><span style=\"font-size: 18pt;\">Benvingut\/a<\/span><\/p>\n<\/div><\/div><\/div><\/div><\/div><div class=\"fusion-fullwidth fullwidth-box fusion-builder-row-2 fusion-flex-container has-pattern-background has-mask-background nonhundred-percent-fullwidth non-hundred-percent-height-scrolling fusion-no-medium-visibility fusion-no-large-visibility\" style=\"--awb-border-radius-top-left:0px;--awb-border-radius-top-right:0px;--awb-border-radius-bottom-right:0px;--awb-border-radius-bottom-left:0px;--awb-flex-wrap:wrap;\" ><div class=\"fusion-builder-row fusion-row fusion-flex-align-items-flex-start fusion-flex-content-wrap\" style=\"max-width:1248px;margin-left: calc(-4% \/ 2 );margin-right: calc(-4% \/ 2 );\"><div class=\"fusion-layout-column fusion_builder_column fusion-builder-column-1 fusion_builder_column_1_1 1_1 fusion-flex-column\" style=\"--awb-bg-size:cover;--awb-width-large:100%;--awb-margin-top-large:0px;--awb-spacing-right-large:1.92%;--awb-margin-bottom-large:20px;--awb-spacing-left-large:1.92%;--awb-width-medium:100%;--awb-order-medium:0;--awb-spacing-right-medium:1.92%;--awb-spacing-left-medium:1.92%;--awb-width-small:100%;--awb-order-small:0;--awb-spacing-right-small:1.92%;--awb-spacing-left-small:1.92%;\"><div class=\"fusion-column-wrapper fusion-column-has-shadow fusion-flex-justify-content-flex-start fusion-content-layout-column\"><div class=\"fusion-person person fusion-person-center fusion-person-2 fusion-person-icon-top\" style=\"--awb-pic-style-color:var(--awb-color8);--awb-pic-borderradius:150px;--awb-margin-top:0px;--awb-margin-right:0px;--awb-margin-bottom:0px;--awb-margin-left:0px;\"><div class=\"person-desc\"><div class=\"person-author\"><div class=\"person-author-wrapper\"><span class=\"person-name\">Fernando Ballester<\/span><span class=\"person-title\"><\/span><\/div><\/div><div class=\"person-content fusion-clearfix\"><\/div><\/div><\/div><div class=\"fusion-social-links fusion-social-links-2\" style=\"--awb-margin-top:0px;--awb-margin-right:0px;--awb-margin-bottom:0px;--awb-margin-left:0px;--awb-alignment:center;--awb-box-border-top:0px;--awb-box-border-right:0px;--awb-box-border-bottom:0px;--awb-box-border-left:0px;--awb-icon-colors-hover:var(--awb-color5);--awb-box-colors-hover:var(--awb-color1);--awb-box-border-color:var(--awb-color3);--awb-box-border-color-hover:var(--awb-color5);\"><div class=\"fusion-social-networks color-type-brand\"><div class=\"fusion-social-networks-wrapper\"><a class=\"fusion-social-network-icon fusion-tooltip fusion-instagram awb-icon-instagram\" style=\"color:#c13584;font-size:16px;\" data-placement=\"top\" data-title=\"Instagram\" data-toggle=\"tooltip\" title=\"Instagram\" aria-label=\"instagram\" target=\"_blank\" rel=\"noopener noreferrer\" href=\"https:\/\/www.instagram.com\/fer_nandet\/\"><\/a><a class=\"fusion-social-network-icon fusion-tooltip fusion-custom \" style=\"font-size:16px;\" data-placement=\"top\" data-title=\"Custom\" data-toggle=\"tooltip\" title=\"Custom\" aria-label=\"custom\" target=\"_blank\" rel=\"noopener noreferrer\" href=\"https:\/\/www.goodreads.com\/fernandet\"><img class=\"lazyload\" decoding=\"async\" src=\"data:image\/svg+xml,%3Csvg%20xmlns%3D%27http%3A%2F%2Fwww.w3.org%2F2000%2Fsvg%27%20width%3D%2713%27%20height%3D%2720%27%20viewBox%3D%270%200%2013%2020%27%3E%3Crect%20width%3D%2713%27%20height%3D%2720%27%20fill-opacity%3D%220%22%2F%3E%3C%2Fsvg%3E\" data-orig-src=\"https:\/\/derivalenta.com\/wp-content\/uploads\/2025\/08\/icono-goodreads-en-negro-18x12-def.svg\" width=\"13\" height=\"20\" \/><\/a><\/div><\/div><\/div><div class=\"fusion-separator fusion-full-width-sep\" style=\"align-self: center;margin-left: auto;margin-right: auto;margin-top:50px;width:100%;\"><\/div><div class=\"fusion-text fusion-text-2\"><p style=\"text-align: center;\"><span style=\"font-size: 16pt;\">S\u00f3c una d\u2019eixes persones que ha trobat en la pausa i en l\u2019observaci\u00f3 una manera d\u2019estar en pau.<\/span><br \/>\n<span style=\"font-size: 16pt;\">La natura no \u00e9s nom\u00e9s un escenari per a mi; \u00e9s refugi i mestra.<\/span><\/p>\n<p style=\"text-align: center;\"><span style=\"font-size: 16pt;\">La meua c\u00e0mera m\u2019acompanya quasi sempre. El meu lector de llibres electr\u00f2nics, tamb\u00e9. <\/span><\/p>\n<p style=\"text-align: center;\"><span style=\"font-size: 16pt;\"> La fotografia m\u2019ajuda a detindre el temps, a donar forma al que he viscut, a compartir sense presses.<\/span><\/p>\n<p style=\"text-align: center;\"><span style=\"font-size: 16pt;\">Deriva Lenta naix de tot aix\u00f2: de la necessitat de contar, de caminar (o pedalejar) sense un dest\u00ed fix, de deixar-me sorprendre. Este projecte no \u00e9s una guia de rutes, sin\u00f3 un quadern obert on es barregen camins, paisatges, llibres, fotografies i pensaments. Un lloc on la bicicleta i la paraula es donen la m\u00e0. <\/span><\/p>\n<p style=\"text-align: center;\"><span style=\"font-size: 16pt;\">Un espai per a qui creu que no sempre cal anar m\u00e9s de pressa, sin\u00f3 m\u00e9s a fons.<\/span><\/p>\n<p style=\"text-align: center;\"><span style=\"font-size: 16pt;\">Benvingut\/a<\/span><\/p>\n<\/div><\/div><\/div><\/div><\/div><\/p>\n","protected":false},"excerpt":{"rendered":"","protected":false},"author":1,"featured_media":0,"parent":0,"menu_order":0,"comment_status":"closed","ping_status":"closed","template":"100-width.php","meta":{"_acf_changed":false,"footnotes":""},"class_list":["post-2553","page","type-page","status-publish","hentry"],"acf":[],"_links":{"self":[{"href":"https:\/\/derivalenta.com\/va\/wp-json\/wp\/v2\/pages\/2553","targetHints":{"allow":["GET"]}}],"collection":[{"href":"https:\/\/derivalenta.com\/va\/wp-json\/wp\/v2\/pages"}],"about":[{"href":"https:\/\/derivalenta.com\/va\/wp-json\/wp\/v2\/types\/page"}],"author":[{"embeddable":true,"href":"https:\/\/derivalenta.com\/va\/wp-json\/wp\/v2\/users\/1"}],"replies":[{"embeddable":true,"href":"https:\/\/derivalenta.com\/va\/wp-json\/wp\/v2\/comments?post=2553"}],"version-history":[{"count":23,"href":"https:\/\/derivalenta.com\/va\/wp-json\/wp\/v2\/pages\/2553\/revisions"}],"predecessor-version":[{"id":5380,"href":"https:\/\/derivalenta.com\/va\/wp-json\/wp\/v2\/pages\/2553\/revisions\/5380"}],"wp:attachment":[{"href":"https:\/\/derivalenta.com\/va\/wp-json\/wp\/v2\/media?parent=2553"}],"curies":[{"name":"wp","href":"https:\/\/api.w.org\/{rel}","templated":true}]}}