{"id":4225,"date":"2025-11-18T18:38:59","date_gmt":"2025-11-18T16:38:59","guid":{"rendered":"https:\/\/derivalenta.com\/slowletter-2\/"},"modified":"2026-05-06T20:01:14","modified_gmt":"2026-05-06T18:01:14","slug":"slowletter","status":"publish","type":"page","link":"https:\/\/derivalenta.com\/va\/slowletter\/","title":{"rendered":"Slowletter"},"content":{"rendered":"<div class=\"fusion-fullwidth fullwidth-box fusion-builder-row-1 fusion-flex-container has-pattern-background has-mask-background nonhundred-percent-fullwidth non-hundred-percent-height-scrolling\" style=\"--awb-border-radius-top-left:0px;--awb-border-radius-top-right:0px;--awb-border-radius-bottom-right:0px;--awb-border-radius-bottom-left:0px;--awb-flex-wrap:wrap;\" ><div class=\"fusion-builder-row fusion-row fusion-flex-align-items-flex-start fusion-flex-content-wrap\" style=\"max-width:1248px;margin-left: calc(-4% \/ 2 );margin-right: calc(-4% \/ 2 );\"><div class=\"fusion-layout-column fusion_builder_column fusion-builder-column-0 fusion_builder_column_1_1 1_1 fusion-flex-column\" style=\"--awb-bg-size:cover;--awb-width-large:100%;--awb-margin-top-large:0px;--awb-spacing-right-large:1.92%;--awb-margin-bottom-large:20px;--awb-spacing-left-large:1.92%;--awb-width-medium:100%;--awb-order-medium:0;--awb-spacing-right-medium:1.92%;--awb-spacing-left-medium:1.92%;--awb-width-small:100%;--awb-order-small:0;--awb-spacing-right-small:1.92%;--awb-spacing-left-small:1.92%;\"><div class=\"fusion-column-wrapper fusion-column-has-shadow fusion-flex-justify-content-flex-start fusion-content-layout-column\"><div class=\"fusion-separator fusion-full-width-sep\" style=\"align-self: center;margin-left: auto;margin-right: auto;margin-top:50px;width:100%;\"><\/div><div class=\"fusion-title title fusion-title-1 fusion-sep-none fusion-title-center fusion-title-text fusion-title-size-two\" style=\"--awb-margin-top-small:10px;--awb-margin-right-small:0px;--awb-margin-bottom-small:10px;--awb-margin-left-small:0px;\"><h2 class=\"fusion-title-heading title-heading-center\" style=\"margin:0;\">Qu\u00e8 \u00e9s la Slowletter?<\/h2><\/div><div class=\"fusion-text fusion-text-1\"><p><span style=\"font-size: 16pt;\">La Slowletter \u00e9s el butllet\u00ed de Deriva Lenta: un espai tranquil on rebre, sense presses i directament al teu correu, tot all\u00f2 que va prenent forma en este projecte.<\/span><\/p>\n<p><span style=\"font-size: 16pt;\">Cada cert temps, sense una freq\u00fc\u00e8ncia fixa, sense soroll ni saturaci\u00f3, arribaran a la teua b\u00fastia noves rutes, relats visuals, reflexions de Paraules en Deriva i continguts que t\u2019ajudaran a descobrir, explorar i gaudir del m\u00f3n a un altre ritme.<\/span><\/p>\n<p><span style=\"font-size: 16pt;\">\u00c9s una manera pausada de mantindre\u2019ns en contacte, de compartir camins, aprenentatges i l\u2019ess\u00e8ncia d\u2019este projecte.<\/span><\/p>\n<p><span style=\"font-size: 16pt;\">Si sents que este ritme pausat tamb\u00e9 \u00e9s el teu i vols que les pr\u00f2ximes Derives t\u2019arriben com qui rep una carta amiga, estar\u00e9 encantat que t\u2019unisques a la Slowletter.<\/span><\/p>\n<p><span style=\"font-size: 16pt;\">Pots fer-ho omplint el formulari seg\u00fcent:<\/span><\/p>\n<\/div><\/div><\/div><div class=\"fusion-layout-column fusion_builder_column fusion-builder-column-1 fusion_builder_column_1_2 1_2 fusion-flex-column\" style=\"--awb-bg-size:cover;--awb-width-large:50%;--awb-margin-top-large:0px;--awb-spacing-right-large:3.84%;--awb-margin-bottom-large:20px;--awb-spacing-left-large:3.84%;--awb-width-medium:50%;--awb-order-medium:0;--awb-spacing-right-medium:3.84%;--awb-spacing-left-medium:3.84%;--awb-width-small:100%;--awb-order-small:0;--awb-spacing-right-small:1.92%;--awb-spacing-left-small:1.92%;\"><div class=\"fusion-column-wrapper fusion-column-has-shadow fusion-flex-justify-content-flex-start fusion-content-layout-column\"><div class=\"fusion-text fusion-text-2\"><div class=\"dl-slowletter-minimal\" style=\"padding: 55px 20px; max-width: 750px; margin: 0px auto; text-align: center;\"><div class=\"tnp tnp-subscription \">\n<form method=\"post\" action=\"https:\/\/derivalenta.com\/wp-admin\/admin-ajax.php?action=tnp&amp;na=s\">\n<input type=\"hidden\" name=\"nlang\" value=\"va\">\n<div class=\"tnp-field tnp-field-firstname\"><label for=\"tnp-1\">Nom<\/label>\n<input class=\"tnp-name\" type=\"text\" name=\"nn\" id=\"tnp-1\" value=\"\" placeholder=\"\"><\/div>\n<div class=\"tnp-field tnp-field-email\"><label for=\"tnp-2\">Correu electr\u00f2nic<\/label>\n<input class=\"tnp-email\" type=\"email\" name=\"ne\" id=\"tnp-2\" value=\"\" placeholder=\"\" required><\/div>\n<div class=\"tnp-field tnp-privacy-field\"><label><input type=\"checkbox\" name=\"ny\" required class=\"tnp-privacy\"> <a target=\"_blank\" href=\"https:\/\/derivalenta.com\/politica-de-privacidad\/\">Accepte la pol\u00edtica de privacitat<\/a><\/label><\/div><div class=\"tnp-field tnp-field-button\" style=\"text-align: left\"><input class=\"tnp-submit\" type=\"submit\" value=\"Subscriu-me\" style=\"\">\n<\/div>\n<\/form>\n<\/div>\n<\/div>\n<\/div><\/div><\/div><div class=\"fusion-layout-column fusion_builder_column fusion-builder-column-2 fusion_builder_column_1_2 1_2 fusion-flex-column fusion-flex-align-self-stretch\" style=\"--awb-bg-size:cover;--awb-width-large:50%;--awb-margin-top-large:0px;--awb-spacing-right-large:3.84%;--awb-margin-bottom-large:20px;--awb-spacing-left-large:3.84%;--awb-width-medium:50%;--awb-order-medium:0;--awb-spacing-right-medium:3.84%;--awb-spacing-left-medium:3.84%;--awb-width-small:100%;--awb-order-small:0;--awb-spacing-right-small:1.92%;--awb-spacing-left-small:1.92%;\" data-scroll-devices=\"small-visibility,medium-visibility,large-visibility\"><div class=\"fusion-column-wrapper fusion-column-has-shadow fusion-flex-justify-content-center fusion-content-layout-column\"><div class=\"fusion-image-element \" style=\"text-align:right;--awb-caption-title-font-family:var(--h2_typography-font-family);--awb-caption-title-font-weight:var(--h2_typography-font-weight);--awb-caption-title-font-style:var(--h2_typography-font-style);--awb-caption-title-size:var(--h2_typography-font-size);--awb-caption-title-transform:var(--h2_typography-text-transform);--awb-caption-title-line-height:var(--h2_typography-line-height);--awb-caption-title-letter-spacing:var(--h2_typography-letter-spacing);\"><span class=\" fusion-imageframe imageframe-none imageframe-1 hover-type-none\"><img decoding=\"async\" width=\"1024\" height=\"768\" alt=\"Dibuix a color amb una ciutat de fons, un llac i una tenda de campanya en primer pla al costat d\u2019una bicicleta.\" title=\"Dibujo a color con ciudad de fondo con un lago y una tienda de campa\u00f1a en primer plano junto a una bicicleta\" src=\"https:\/\/derivalenta.com\/wp-content\/uploads\/2025\/08\/Dibujo-a-color-con-ciudad-de-fondo-con-un-lago-y-una-tienda-de-campana-en-primer-plano-junto-a-una-bicicleta.webp\" data-orig-src=\"https:\/\/derivalenta.com\/wp-content\/uploads\/2025\/08\/Dibujo-a-color-con-ciudad-de-fondo-con-un-lago-y-una-tienda-de-campana-en-primer-plano-junto-a-una-bicicleta-1024x768.webp\" class=\"lazyload img-responsive wp-image-4092\" srcset=\"data:image\/svg+xml,%3Csvg%20xmlns%3D%27http%3A%2F%2Fwww.w3.org%2F2000%2Fsvg%27%20width%3D%271890%27%20height%3D%271417%27%20viewBox%3D%270%200%201890%201417%27%3E%3Crect%20width%3D%271890%27%20height%3D%271417%27%20fill-opacity%3D%220%22%2F%3E%3C%2Fsvg%3E\" data-srcset=\"https:\/\/derivalenta.com\/wp-content\/uploads\/2025\/08\/Dibujo-a-color-con-ciudad-de-fondo-con-un-lago-y-una-tienda-de-campana-en-primer-plano-junto-a-una-bicicleta-200x150.webp 200w, https:\/\/derivalenta.com\/wp-content\/uploads\/2025\/08\/Dibujo-a-color-con-ciudad-de-fondo-con-un-lago-y-una-tienda-de-campana-en-primer-plano-junto-a-una-bicicleta-400x300.webp 400w, https:\/\/derivalenta.com\/wp-content\/uploads\/2025\/08\/Dibujo-a-color-con-ciudad-de-fondo-con-un-lago-y-una-tienda-de-campana-en-primer-plano-junto-a-una-bicicleta-600x450.webp 600w, https:\/\/derivalenta.com\/wp-content\/uploads\/2025\/08\/Dibujo-a-color-con-ciudad-de-fondo-con-un-lago-y-una-tienda-de-campana-en-primer-plano-junto-a-una-bicicleta-800x600.webp 800w, https:\/\/derivalenta.com\/wp-content\/uploads\/2025\/08\/Dibujo-a-color-con-ciudad-de-fondo-con-un-lago-y-una-tienda-de-campana-en-primer-plano-junto-a-una-bicicleta-1200x900.webp 1200w, https:\/\/derivalenta.com\/wp-content\/uploads\/2025\/08\/Dibujo-a-color-con-ciudad-de-fondo-con-un-lago-y-una-tienda-de-campana-en-primer-plano-junto-a-una-bicicleta.webp 1890w\" data-sizes=\"auto\" data-orig-sizes=\"(max-width: 640px) 100vw, 600px\" \/><\/span><\/div><\/div><\/div><\/div><\/div>\n","protected":false},"excerpt":{"rendered":"","protected":false},"author":1,"featured_media":0,"parent":0,"menu_order":0,"comment_status":"closed","ping_status":"closed","template":"100-width.php","meta":{"_acf_changed":false,"footnotes":""},"class_list":["post-4225","page","type-page","status-publish","hentry"],"acf":[],"_links":{"self":[{"href":"https:\/\/derivalenta.com\/va\/wp-json\/wp\/v2\/pages\/4225","targetHints":{"allow":["GET"]}}],"collection":[{"href":"https:\/\/derivalenta.com\/va\/wp-json\/wp\/v2\/pages"}],"about":[{"href":"https:\/\/derivalenta.com\/va\/wp-json\/wp\/v2\/types\/page"}],"author":[{"embeddable":true,"href":"https:\/\/derivalenta.com\/va\/wp-json\/wp\/v2\/users\/1"}],"replies":[{"embeddable":true,"href":"https:\/\/derivalenta.com\/va\/wp-json\/wp\/v2\/comments?post=4225"}],"version-history":[{"count":6,"href":"https:\/\/derivalenta.com\/va\/wp-json\/wp\/v2\/pages\/4225\/revisions"}],"predecessor-version":[{"id":4713,"href":"https:\/\/derivalenta.com\/va\/wp-json\/wp\/v2\/pages\/4225\/revisions\/4713"}],"wp:attachment":[{"href":"https:\/\/derivalenta.com\/va\/wp-json\/wp\/v2\/media?parent=4225"}],"curies":[{"name":"wp","href":"https:\/\/api.w.org\/{rel}","templated":true}]}}